{"id":991,"date":"2025-09-11T11:41:46","date_gmt":"2025-09-11T14:41:46","guid":{"rendered":"https:\/\/guedestavares.com.br\/?page_id=991"},"modified":"2025-09-11T11:46:36","modified_gmt":"2025-09-11T14:46:36","slug":"natasha-rojtenberg","status":"publish","type":"page","link":"https:\/\/guedestavares.com.br\/en\/natasha-rojtenberg\/","title":{"rendered":"Natasha Rojtenberg"},"content":{"rendered":"<div data-elementor-type=\"wp-page\" data-elementor-id=\"991\" class=\"elementor elementor-991\">\n\t\t\t\t<div class=\"elementor-element elementor-element-30eab50 e-flex e-con-boxed e-con e-parent\" data-id=\"30eab50\" data-element_type=\"container\" data-e-type=\"container\">\n\t\t\t\t\t<div class=\"e-con-inner\">\n\t\t<div class=\"elementor-element elementor-element-6c524c1 e-con-full e-flex e-con e-child\" data-id=\"6c524c1\" data-element_type=\"container\" data-e-type=\"container\" id=\"demian\">\n\t\t\t\t<div class=\"elementor-element elementor-element-cb65f7d animated-slow elementor-invisible elementor-widget elementor-widget-heading\" data-id=\"cb65f7d\" data-element_type=\"widget\" data-e-type=\"widget\" data-settings=\"{&quot;_animation&quot;:&quot;slideInLeft&quot;}\" data-widget_type=\"heading.default\">\n\t\t\t\t<div class=\"elementor-widget-container\">\n\t\t\t\t\t<h3 class=\"elementor-heading-title elementor-size-default\">Natasha Rojtenberg<\/h3>\t\t\t\t<\/div>\n\t\t\t\t<\/div>\n\t\t\t\t<div class=\"elementor-element elementor-element-52fe8d2 animated-slow elementor-invisible elementor-widget elementor-widget-text-editor\" data-id=\"52fe8d2\" data-element_type=\"widget\" data-e-type=\"widget\" data-settings=\"{&quot;_animation&quot;:&quot;slideInLeft&quot;}\" data-widget_type=\"text-editor.default\">\n\t\t\t\t<div class=\"elementor-widget-container\">\n\t\t\t\t\t\t\t\t\t<div class=\"elementor-element elementor-element-3f4f594 elementor-widget elementor-widget-text-editor\" data-id=\"3f4f594\" data-element_type=\"widget\" data-widget_type=\"text-editor.default\"><div class=\"elementor-widget-container\"><div class=\"elementor-element elementor-element-3f4f594 elementor-widget elementor-widget-text-editor\" data-id=\"3f4f594\" data-element_type=\"widget\" data-widget_type=\"text-editor.default\"><div class=\"elementor-widget-container\"><p>Legal practice focused on both advisory and litigation matters, with an emphasis on public and regulatory law, particularly in the sanitation and airport sectors. Prior experience in civil litigation involving civil law, digital law, and regulatory issues in the transportation, port, data protection, and healthcare industries.<\/p><p><strong><em>Education<\/em><\/strong><\/p><p>Postgraduate Certificate in Regulatory Law \u2013 Universidade do Estado do Rio de Janeiro (UERJ)\nBachelor of Laws (LL.B.) \u2013 Pontif\u00edcia Universidade Cat\u00f3lica do Rio de Janeiro (PUC-Rio)<\/p><\/div><\/div><\/div><\/div>\t\t\t\t\t\t\t\t<\/div>\n\t\t\t\t<\/div>\n\t\t\t\t<\/div>\n\t\t<div class=\"elementor-element elementor-element-dc6071e e-flex e-con-boxed e-con e-child\" data-id=\"dc6071e\" data-element_type=\"container\" data-e-type=\"container\">\n\t\t\t\t\t<div class=\"e-con-inner\">\n\t\t\t\t<div class=\"elementor-element elementor-element-9ab1ef1 elementor-widget elementor-widget-image\" data-id=\"9ab1ef1\" data-element_type=\"widget\" data-e-type=\"widget\" data-widget_type=\"image.default\">\n\t\t\t\t<div class=\"elementor-widget-container\">\n\t\t\t\t\t\t\t\t\t\t\t\t\t\t\t<img fetchpriority=\"high\" decoding=\"async\" width=\"2151\" height=\"2560\" src=\"https:\/\/guedestavares.com.br\/wp-content\/uploads\/2025\/09\/natasha-rojtenberg-1.jpg\" class=\"attachment-full size-full wp-image-992\" alt=\"\" srcset=\"https:\/\/guedestavares.com.br\/wp-content\/uploads\/2025\/09\/natasha-rojtenberg-1.jpg 2151w, https:\/\/guedestavares.com.br\/wp-content\/uploads\/2025\/09\/natasha-rojtenberg-1-252x300.jpg 252w, https:\/\/guedestavares.com.br\/wp-content\/uploads\/2025\/09\/natasha-rojtenberg-1-860x1024.jpg 860w, https:\/\/guedestavares.com.br\/wp-content\/uploads\/2025\/09\/natasha-rojtenberg-1-768x914.jpg 768w, https:\/\/guedestavares.com.br\/wp-content\/uploads\/2025\/09\/natasha-rojtenberg-1-1291x1536.jpg 1291w, https:\/\/guedestavares.com.br\/wp-content\/uploads\/2025\/09\/natasha-rojtenberg-1-1721x2048.jpg 1721w, https:\/\/guedestavares.com.br\/wp-content\/uploads\/2025\/09\/natasha-rojtenberg-1-10x12.jpg 10w\" sizes=\"(max-width: 2151px) 100vw, 2151px\" \/>\t\t\t\t\t\t\t\t\t\t\t\t\t\t\t<\/div>\n\t\t\t\t<\/div>\n\t\t\t\t\t<\/div>\n\t\t\t\t<\/div>\n\t\t\t\t\t<\/div>\n\t\t\t\t<\/div>\n\t\t<div class=\"elementor-element elementor-element-958aba9 e-con-full e-flex e-con e-parent\" data-id=\"958aba9\" data-element_type=\"container\" data-e-type=\"container\">\n\t\t\t\t<div class=\"elementor-element elementor-element-1a90cdf elementor-absolute elementor-hidden-tablet elementor-hidden-mobile elementor-widget elementor-widget-image\" data-id=\"1a90cdf\" data-element_type=\"widget\" data-e-type=\"widget\" data-settings=\"{&quot;_position&quot;:&quot;absolute&quot;}\" data-widget_type=\"image.default\">\n\t\t\t\t<div class=\"elementor-widget-container\">\n\t\t\t\t\t\t\t\t\t\t\t\t\t\t\t<img decoding=\"async\" width=\"164\" height=\"324\" src=\"https:\/\/guedestavares.com.br\/wp-content\/uploads\/2024\/11\/Ativo-3-2-e1730491010237.png\" class=\"attachment-large size-large wp-image-263\" alt=\"\" srcset=\"https:\/\/guedestavares.com.br\/wp-content\/uploads\/2024\/11\/Ativo-3-2-e1730491010237.png 164w, https:\/\/guedestavares.com.br\/wp-content\/uploads\/2024\/11\/Ativo-3-2-e1730491010237-152x300.png 152w\" sizes=\"(max-width: 164px) 100vw, 164px\" \/>\t\t\t\t\t\t\t\t\t\t\t\t\t\t\t<\/div>\n\t\t\t\t<\/div>\n\t\t\t\t<div class=\"elementor-element elementor-element-bb68716 elementor-absolute elementor-hidden-tablet elementor-hidden-mobile elementor-widget elementor-widget-image\" data-id=\"bb68716\" data-element_type=\"widget\" data-e-type=\"widget\" data-settings=\"{&quot;_position&quot;:&quot;absolute&quot;}\" data-widget_type=\"image.default\">\n\t\t\t\t<div class=\"elementor-widget-container\">\n\t\t\t\t\t\t\t\t\t\t\t\t\t\t\t<img decoding=\"async\" width=\"218\" height=\"325\" src=\"https:\/\/guedestavares.com.br\/wp-content\/uploads\/2024\/11\/Ativo-2-3-e1730732153713.png\" class=\"attachment-large size-large wp-image-321\" alt=\"\" srcset=\"https:\/\/guedestavares.com.br\/wp-content\/uploads\/2024\/11\/Ativo-2-3-e1730732153713.png 218w, https:\/\/guedestavares.com.br\/wp-content\/uploads\/2024\/11\/Ativo-2-3-e1730732153713-201x300.png 201w\" sizes=\"(max-width: 218px) 100vw, 218px\" \/>\t\t\t\t\t\t\t\t\t\t\t\t\t\t\t<\/div>\n\t\t\t\t<\/div>\n\t\t\t\t<\/div>\n\t\t\t\t<\/div>","protected":false},"excerpt":{"rendered":"<p>Natasha Rojtenberg Experi\u00eancia em demandas consultivas e contenciosas, com foco em direito p\u00fablico e regulat\u00f3rio, especialmente nos setores de saneamento [&hellip;]<\/p>\n","protected":false},"author":1,"featured_media":0,"parent":0,"menu_order":0,"comment_status":"closed","ping_status":"closed","template":"","meta":{"site-sidebar-layout":"no-sidebar","site-content-layout":"","ast-site-content-layout":"full-width-container","site-content-style":"default","site-sidebar-style":"default","ast-global-header-display":"","ast-banner-title-visibility":"","ast-main-header-display":"","ast-hfb-above-header-display":"","ast-hfb-below-header-display":"","ast-hfb-mobile-header-display":"","site-post-title":"disabled","ast-breadcrumbs-content":"","ast-featured-img":"disabled","footer-sml-layout":"","theme-transparent-header-meta":"","adv-header-id-meta":"","stick-header-meta":"","header-above-stick-meta":"","header-main-stick-meta":"","header-below-stick-meta":"","astra-migrate-meta-layouts":"default","ast-page-background-enabled":"default","ast-page-background-meta":{"desktop":{"background-color":"var(--ast-global-color-4)","background-image":"","background-repeat":"repeat","background-position":"center center","background-size":"auto","background-attachment":"scroll","background-type":"","background-media":"","overlay-type":"","overlay-color":"","overlay-opacity":"","overlay-gradient":""},"tablet":{"background-color":"","background-image":"","background-repeat":"repeat","background-position":"center center","background-size":"auto","background-attachment":"scroll","background-type":"","background-media":"","overlay-type":"","overlay-color":"","overlay-opacity":"","overlay-gradient":""},"mobile":{"background-color":"","background-image":"","background-repeat":"repeat","background-position":"center center","background-size":"auto","background-attachment":"scroll","background-type":"","background-media":"","overlay-type":"","overlay-color":"","overlay-opacity":"","overlay-gradient":""}},"ast-content-background-meta":{"desktop":{"background-color":"var(--ast-global-color-5)","background-image":"","background-repeat":"repeat","background-position":"center center","background-size":"auto","background-attachment":"scroll","background-type":"","background-media":"","overlay-type":"","overlay-color":"","overlay-opacity":"","overlay-gradient":""},"tablet":{"background-color":"var(--ast-global-color-5)","background-image":"","background-repeat":"repeat","background-position":"center center","background-size":"auto","background-attachment":"scroll","background-type":"","background-media":"","overlay-type":"","overlay-color":"","overlay-opacity":"","overlay-gradient":""},"mobile":{"background-color":"var(--ast-global-color-5)","background-image":"","background-repeat":"repeat","background-position":"center center","background-size":"auto","background-attachment":"scroll","background-type":"","background-media":"","overlay-type":"","overlay-color":"","overlay-opacity":"","overlay-gradient":""}},"footnotes":""},"class_list":["post-991","page","type-page","status-publish","hentry"],"_links":{"self":[{"href":"https:\/\/guedestavares.com.br\/en\/wp-json\/wp\/v2\/pages\/991","targetHints":{"allow":["GET"]}}],"collection":[{"href":"https:\/\/guedestavares.com.br\/en\/wp-json\/wp\/v2\/pages"}],"about":[{"href":"https:\/\/guedestavares.com.br\/en\/wp-json\/wp\/v2\/types\/page"}],"author":[{"embeddable":true,"href":"https:\/\/guedestavares.com.br\/en\/wp-json\/wp\/v2\/users\/1"}],"replies":[{"embeddable":true,"href":"https:\/\/guedestavares.com.br\/en\/wp-json\/wp\/v2\/comments?post=991"}],"version-history":[{"count":6,"href":"https:\/\/guedestavares.com.br\/en\/wp-json\/wp\/v2\/pages\/991\/revisions"}],"predecessor-version":[{"id":1011,"href":"https:\/\/guedestavares.com.br\/en\/wp-json\/wp\/v2\/pages\/991\/revisions\/1011"}],"wp:attachment":[{"href":"https:\/\/guedestavares.com.br\/en\/wp-json\/wp\/v2\/media?parent=991"}],"curies":[{"name":"wp","href":"https:\/\/api.w.org\/{rel}","templated":true}]}}