{"id":838,"date":"2024-11-25T15:23:10","date_gmt":"2024-11-25T18:23:10","guid":{"rendered":"https:\/\/guedestavares.com.br\/?page_id=838"},"modified":"2026-03-11T17:28:48","modified_gmt":"2026-03-11T20:28:48","slug":"nathalie-franco","status":"publish","type":"page","link":"https:\/\/guedestavares.com.br\/en\/nathalie-franco\/","title":{"rendered":"Nathalie Franco"},"content":{"rendered":"<div data-elementor-type=\"wp-page\" data-elementor-id=\"838\" class=\"elementor elementor-838\">\n\t\t\t\t<div class=\"elementor-element elementor-element-30eab50 e-flex e-con-boxed e-con e-parent\" data-id=\"30eab50\" data-element_type=\"container\" data-e-type=\"container\">\n\t\t\t\t\t<div class=\"e-con-inner\">\n\t\t<div class=\"elementor-element elementor-element-6c524c1 e-con-full e-flex e-con e-child\" data-id=\"6c524c1\" data-element_type=\"container\" data-e-type=\"container\" id=\"demian\">\n\t\t\t\t<div class=\"elementor-element elementor-element-cb65f7d animated-slow elementor-invisible elementor-widget elementor-widget-heading\" data-id=\"cb65f7d\" data-element_type=\"widget\" data-e-type=\"widget\" data-settings=\"{&quot;_animation&quot;:&quot;slideInLeft&quot;}\" data-widget_type=\"heading.default\">\n\t\t\t\t<div class=\"elementor-widget-container\">\n\t\t\t\t\t<h3 class=\"elementor-heading-title elementor-size-default\">Nathalie Franco\n\n<\/h3>\t\t\t\t<\/div>\n\t\t\t\t<\/div>\n\t\t\t\t<div class=\"elementor-element elementor-element-52fe8d2 animated-slow elementor-invisible elementor-widget elementor-widget-text-editor\" data-id=\"52fe8d2\" data-element_type=\"widget\" data-e-type=\"widget\" data-settings=\"{&quot;_animation&quot;:&quot;slideInLeft&quot;}\" data-widget_type=\"text-editor.default\">\n\t\t\t\t<div class=\"elementor-widget-container\">\n\t\t\t\t\t\t\t\t\t<p class=\"v1MsoNormal\">Focused on strategic civil litigation. He also has experience in the consultancy area, with an emphasis on corporate law and technology, developing legal analyzes and solutions that involve business aspects and innovation.<\/p><p class=\"v1MsoNormal\"><strong><i>Education<\/i><\/strong><\/p><p class=\"v1MsoNormal\">Bachelor of Laws from IBMR.<\/p><p>nathalie.franco@guedestavares.com.br<\/p>\t\t\t\t\t\t\t\t<\/div>\n\t\t\t\t<\/div>\n\t\t\t\t<\/div>\n\t\t<div class=\"elementor-element elementor-element-dc6071e e-flex e-con-boxed e-con e-child\" data-id=\"dc6071e\" data-element_type=\"container\" data-e-type=\"container\">\n\t\t\t\t\t<div class=\"e-con-inner\">\n\t\t\t\t<div class=\"elementor-element elementor-element-9ab1ef1 elementor-widget elementor-widget-image\" data-id=\"9ab1ef1\" data-element_type=\"widget\" data-e-type=\"widget\" data-widget_type=\"image.default\">\n\t\t\t\t<div class=\"elementor-widget-container\">\n\t\t\t\t\t\t\t\t\t\t\t\t\t\t\t<img fetchpriority=\"high\" decoding=\"async\" width=\"662\" height=\"1024\" src=\"https:\/\/guedestavares.com.br\/wp-content\/uploads\/2026\/03\/nathalie-franco-662x1024.png\" class=\"attachment-large size-large wp-image-1091\" alt=\"\" srcset=\"https:\/\/guedestavares.com.br\/wp-content\/uploads\/2026\/03\/nathalie-franco-662x1024.png 662w, https:\/\/guedestavares.com.br\/wp-content\/uploads\/2026\/03\/nathalie-franco-194x300.png 194w, https:\/\/guedestavares.com.br\/wp-content\/uploads\/2026\/03\/nathalie-franco-8x12.png 8w, https:\/\/guedestavares.com.br\/wp-content\/uploads\/2026\/03\/nathalie-franco.png 750w\" sizes=\"(max-width: 662px) 100vw, 662px\" \/>\t\t\t\t\t\t\t\t\t\t\t\t\t\t\t<\/div>\n\t\t\t\t<\/div>\n\t\t\t\t\t<\/div>\n\t\t\t\t<\/div>\n\t\t\t\t\t<\/div>\n\t\t\t\t<\/div>\n\t\t<div class=\"elementor-element elementor-element-958aba9 e-con-full e-flex e-con e-parent\" data-id=\"958aba9\" data-element_type=\"container\" data-e-type=\"container\">\n\t\t\t\t<div class=\"elementor-element elementor-element-1a90cdf elementor-absolute elementor-hidden-tablet elementor-hidden-mobile elementor-widget elementor-widget-image\" data-id=\"1a90cdf\" data-element_type=\"widget\" data-e-type=\"widget\" data-settings=\"{&quot;_position&quot;:&quot;absolute&quot;}\" data-widget_type=\"image.default\">\n\t\t\t\t<div class=\"elementor-widget-container\">\n\t\t\t\t\t\t\t\t\t\t\t\t\t\t\t<img decoding=\"async\" width=\"164\" height=\"324\" src=\"https:\/\/guedestavares.com.br\/wp-content\/uploads\/2024\/11\/Ativo-3-2-e1730491010237.png\" class=\"attachment-large size-large wp-image-263\" alt=\"\" srcset=\"https:\/\/guedestavares.com.br\/wp-content\/uploads\/2024\/11\/Ativo-3-2-e1730491010237.png 164w, https:\/\/guedestavares.com.br\/wp-content\/uploads\/2024\/11\/Ativo-3-2-e1730491010237-152x300.png 152w\" sizes=\"(max-width: 164px) 100vw, 164px\" \/>\t\t\t\t\t\t\t\t\t\t\t\t\t\t\t<\/div>\n\t\t\t\t<\/div>\n\t\t\t\t<div class=\"elementor-element elementor-element-bb68716 elementor-absolute elementor-hidden-tablet elementor-hidden-mobile elementor-widget elementor-widget-image\" data-id=\"bb68716\" data-element_type=\"widget\" data-e-type=\"widget\" data-settings=\"{&quot;_position&quot;:&quot;absolute&quot;}\" data-widget_type=\"image.default\">\n\t\t\t\t<div class=\"elementor-widget-container\">\n\t\t\t\t\t\t\t\t\t\t\t\t\t\t\t<img decoding=\"async\" width=\"218\" height=\"325\" src=\"https:\/\/guedestavares.com.br\/wp-content\/uploads\/2024\/11\/Ativo-2-3-e1730732153713.png\" class=\"attachment-large size-large wp-image-321\" alt=\"\" srcset=\"https:\/\/guedestavares.com.br\/wp-content\/uploads\/2024\/11\/Ativo-2-3-e1730732153713.png 218w, https:\/\/guedestavares.com.br\/wp-content\/uploads\/2024\/11\/Ativo-2-3-e1730732153713-201x300.png 201w\" sizes=\"(max-width: 218px) 100vw, 218px\" \/>\t\t\t\t\t\t\t\t\t\t\t\t\t\t\t<\/div>\n\t\t\t\t<\/div>\n\t\t\t\t<\/div>\n\t\t\t\t<\/div>","protected":false},"excerpt":{"rendered":"<p>Nathalie Franco Atua\u00e7\u00e3o com foco em contencioso c\u00edvel estrat\u00e9gico. Possui experi\u00eancia tamb\u00e9m na \u00e1rea consultiva, com \u00eanfase em direito societ\u00e1rio [&hellip;]<\/p>\n","protected":false},"author":1,"featured_media":0,"parent":0,"menu_order":0,"comment_status":"closed","ping_status":"closed","template":"","meta":{"site-sidebar-layout":"no-sidebar","site-content-layout":"","ast-site-content-layout":"full-width-container","site-content-style":"default","site-sidebar-style":"default","ast-global-header-display":"","ast-banner-title-visibility":"","ast-main-header-display":"","ast-hfb-above-header-display":"","ast-hfb-below-header-display":"","ast-hfb-mobile-header-display":"","site-post-title":"disabled","ast-breadcrumbs-content":"","ast-featured-img":"disabled","footer-sml-layout":"","theme-transparent-header-meta":"","adv-header-id-meta":"","stick-header-meta":"","header-above-stick-meta":"","header-main-stick-meta":"","header-below-stick-meta":"","astra-migrate-meta-layouts":"default","ast-page-background-enabled":"default","ast-page-background-meta":{"desktop":{"background-color":"var(--ast-global-color-4)","background-image":"","background-repeat":"repeat","background-position":"center center","background-size":"auto","background-attachment":"scroll","background-type":"","background-media":"","overlay-type":"","overlay-color":"","overlay-opacity":"","overlay-gradient":""},"tablet":{"background-color":"","background-image":"","background-repeat":"repeat","background-position":"center center","background-size":"auto","background-attachment":"scroll","background-type":"","background-media":"","overlay-type":"","overlay-color":"","overlay-opacity":"","overlay-gradient":""},"mobile":{"background-color":"","background-image":"","background-repeat":"repeat","background-position":"center center","background-size":"auto","background-attachment":"scroll","background-type":"","background-media":"","overlay-type":"","overlay-color":"","overlay-opacity":"","overlay-gradient":""}},"ast-content-background-meta":{"desktop":{"background-color":"var(--ast-global-color-5)","background-image":"","background-repeat":"repeat","background-position":"center center","background-size":"auto","background-attachment":"scroll","background-type":"","background-media":"","overlay-type":"","overlay-color":"","overlay-opacity":"","overlay-gradient":""},"tablet":{"background-color":"var(--ast-global-color-5)","background-image":"","background-repeat":"repeat","background-position":"center center","background-size":"auto","background-attachment":"scroll","background-type":"","background-media":"","overlay-type":"","overlay-color":"","overlay-opacity":"","overlay-gradient":""},"mobile":{"background-color":"var(--ast-global-color-5)","background-image":"","background-repeat":"repeat","background-position":"center center","background-size":"auto","background-attachment":"scroll","background-type":"","background-media":"","overlay-type":"","overlay-color":"","overlay-opacity":"","overlay-gradient":""}},"footnotes":""},"class_list":["post-838","page","type-page","status-publish","hentry"],"_links":{"self":[{"href":"https:\/\/guedestavares.com.br\/en\/wp-json\/wp\/v2\/pages\/838","targetHints":{"allow":["GET"]}}],"collection":[{"href":"https:\/\/guedestavares.com.br\/en\/wp-json\/wp\/v2\/pages"}],"about":[{"href":"https:\/\/guedestavares.com.br\/en\/wp-json\/wp\/v2\/types\/page"}],"author":[{"embeddable":true,"href":"https:\/\/guedestavares.com.br\/en\/wp-json\/wp\/v2\/users\/1"}],"replies":[{"embeddable":true,"href":"https:\/\/guedestavares.com.br\/en\/wp-json\/wp\/v2\/comments?post=838"}],"version-history":[{"count":9,"href":"https:\/\/guedestavares.com.br\/en\/wp-json\/wp\/v2\/pages\/838\/revisions"}],"predecessor-version":[{"id":1094,"href":"https:\/\/guedestavares.com.br\/en\/wp-json\/wp\/v2\/pages\/838\/revisions\/1094"}],"wp:attachment":[{"href":"https:\/\/guedestavares.com.br\/en\/wp-json\/wp\/v2\/media?parent=838"}],"curies":[{"name":"wp","href":"https:\/\/api.w.org\/{rel}","templated":true}]}}