{"id":624,"date":"2024-11-08T15:39:49","date_gmt":"2024-11-08T18:39:49","guid":{"rendered":"https:\/\/guedestavares.com.br\/?page_id=624"},"modified":"2026-03-11T17:29:03","modified_gmt":"2026-03-11T20:29:03","slug":"matheus-arraes","status":"publish","type":"page","link":"https:\/\/guedestavares.com.br\/en\/matheus-arraes\/","title":{"rendered":"Matheus Arraes"},"content":{"rendered":"<div data-elementor-type=\"wp-page\" data-elementor-id=\"624\" class=\"elementor elementor-624\">\n\t\t\t\t<div class=\"elementor-element elementor-element-30eab50 e-flex e-con-boxed e-con e-parent\" data-id=\"30eab50\" data-element_type=\"container\" data-e-type=\"container\">\n\t\t\t\t\t<div class=\"e-con-inner\">\n\t\t<div class=\"elementor-element elementor-element-6c524c1 e-con-full e-flex e-con e-child\" data-id=\"6c524c1\" data-element_type=\"container\" data-e-type=\"container\" id=\"demian\">\n\t\t\t\t<div class=\"elementor-element elementor-element-cb65f7d animated-slow elementor-invisible elementor-widget elementor-widget-heading\" data-id=\"cb65f7d\" data-element_type=\"widget\" data-e-type=\"widget\" data-settings=\"{&quot;_animation&quot;:&quot;slideInLeft&quot;}\" data-widget_type=\"heading.default\">\n\t\t\t\t<div class=\"elementor-widget-container\">\n\t\t\t\t\t<h3 class=\"elementor-heading-title elementor-size-default\">Matheus Arraes<\/h3>\t\t\t\t<\/div>\n\t\t\t\t<\/div>\n\t\t\t\t<div class=\"elementor-element elementor-element-52fe8d2 animated-slow elementor-invisible elementor-widget elementor-widget-text-editor\" data-id=\"52fe8d2\" data-element_type=\"widget\" data-e-type=\"widget\" data-settings=\"{&quot;_animation&quot;:&quot;slideInLeft&quot;}\" data-widget_type=\"text-editor.default\">\n\t\t\t\t<div class=\"elementor-widget-container\">\n\t\t\t\t\t\t\t\t\t<div class=\"elementor-element elementor-element-3f4f594 elementor-widget elementor-widget-text-editor\" data-id=\"3f4f594\" data-element_type=\"widget\" data-widget_type=\"text-editor.default\"><div class=\"elementor-widget-container\"><div class=\"elementor-element elementor-element-3f4f594 elementor-widget elementor-widget-text-editor\" data-id=\"3f4f594\" data-element_type=\"widget\" data-widget_type=\"text-editor.default\"><div class=\"elementor-widget-container\"><p>Matheus centers his practice on strategic judicial litigation across various areas of public and private law. In private law, he focuses on civil procedural law, contractual law, and civil liability. In administrative law, his work is primarily directed toward the sanitation sector and actions related to public ethics.<\/p><p><strong><em>Education<\/em><\/strong><\/p><p>Postgraduate in Civil Procedural Law and Legal Management from IBMEC. Bachelor of Laws from IBMEC.<\/p><p><span style=\"font-size: 16px;\">matheus.arraes@guedestavares.com.br<\/span><\/p><\/div><\/div><div class=\"elementor-element elementor-element-db17b8b elementor-shape-square e-grid-align-left elementor-grid-0 elementor-widget elementor-widget-social-icons\" data-id=\"db17b8b\" data-element_type=\"widget\" data-widget_type=\"social-icons.default\"><div class=\"elementor-widget-container\"><div class=\"elementor-social-icons-wrapper elementor-grid\">\u00a0<\/div><\/div><\/div><\/div><\/div>\t\t\t\t\t\t\t\t<\/div>\n\t\t\t\t<\/div>\n\t\t\t\t<\/div>\n\t\t<div class=\"elementor-element elementor-element-dc6071e e-flex e-con-boxed e-con e-child\" data-id=\"dc6071e\" data-element_type=\"container\" data-e-type=\"container\">\n\t\t\t\t\t<div class=\"e-con-inner\">\n\t\t\t\t<div class=\"elementor-element elementor-element-9ab1ef1 elementor-widget elementor-widget-image\" data-id=\"9ab1ef1\" data-element_type=\"widget\" data-e-type=\"widget\" data-widget_type=\"image.default\">\n\t\t\t\t<div class=\"elementor-widget-container\">\n\t\t\t\t\t\t\t\t\t\t\t\t\t\t\t<img fetchpriority=\"high\" decoding=\"async\" width=\"750\" height=\"1160\" src=\"https:\/\/guedestavares.com.br\/wp-content\/uploads\/2026\/03\/matheus_arraes_full-1.png\" class=\"attachment-full size-full wp-image-1095\" alt=\"\" srcset=\"https:\/\/guedestavares.com.br\/wp-content\/uploads\/2026\/03\/matheus_arraes_full-1.png 750w, https:\/\/guedestavares.com.br\/wp-content\/uploads\/2026\/03\/matheus_arraes_full-1-194x300.png 194w, https:\/\/guedestavares.com.br\/wp-content\/uploads\/2026\/03\/matheus_arraes_full-1-662x1024.png 662w, https:\/\/guedestavares.com.br\/wp-content\/uploads\/2026\/03\/matheus_arraes_full-1-8x12.png 8w\" sizes=\"(max-width: 750px) 100vw, 750px\" \/>\t\t\t\t\t\t\t\t\t\t\t\t\t\t\t<\/div>\n\t\t\t\t<\/div>\n\t\t\t\t\t<\/div>\n\t\t\t\t<\/div>\n\t\t\t\t\t<\/div>\n\t\t\t\t<\/div>\n\t\t<div class=\"elementor-element elementor-element-958aba9 e-con-full e-flex e-con e-parent\" data-id=\"958aba9\" data-element_type=\"container\" data-e-type=\"container\">\n\t\t\t\t<div class=\"elementor-element elementor-element-1a90cdf elementor-absolute elementor-hidden-tablet elementor-hidden-mobile elementor-widget elementor-widget-image\" data-id=\"1a90cdf\" data-element_type=\"widget\" data-e-type=\"widget\" data-settings=\"{&quot;_position&quot;:&quot;absolute&quot;}\" data-widget_type=\"image.default\">\n\t\t\t\t<div class=\"elementor-widget-container\">\n\t\t\t\t\t\t\t\t\t\t\t\t\t\t\t<img decoding=\"async\" width=\"164\" height=\"324\" src=\"https:\/\/guedestavares.com.br\/wp-content\/uploads\/2024\/11\/Ativo-3-2-e1730491010237.png\" class=\"attachment-large size-large wp-image-263\" alt=\"\" srcset=\"https:\/\/guedestavares.com.br\/wp-content\/uploads\/2024\/11\/Ativo-3-2-e1730491010237.png 164w, https:\/\/guedestavares.com.br\/wp-content\/uploads\/2024\/11\/Ativo-3-2-e1730491010237-152x300.png 152w\" sizes=\"(max-width: 164px) 100vw, 164px\" \/>\t\t\t\t\t\t\t\t\t\t\t\t\t\t\t<\/div>\n\t\t\t\t<\/div>\n\t\t\t\t<div class=\"elementor-element elementor-element-bb68716 elementor-absolute elementor-hidden-tablet elementor-hidden-mobile elementor-widget elementor-widget-image\" data-id=\"bb68716\" data-element_type=\"widget\" data-e-type=\"widget\" data-settings=\"{&quot;_position&quot;:&quot;absolute&quot;}\" data-widget_type=\"image.default\">\n\t\t\t\t<div class=\"elementor-widget-container\">\n\t\t\t\t\t\t\t\t\t\t\t\t\t\t\t<img decoding=\"async\" width=\"218\" height=\"325\" src=\"https:\/\/guedestavares.com.br\/wp-content\/uploads\/2024\/11\/Ativo-2-3-e1730732153713.png\" class=\"attachment-large size-large wp-image-321\" alt=\"\" srcset=\"https:\/\/guedestavares.com.br\/wp-content\/uploads\/2024\/11\/Ativo-2-3-e1730732153713.png 218w, https:\/\/guedestavares.com.br\/wp-content\/uploads\/2024\/11\/Ativo-2-3-e1730732153713-201x300.png 201w\" sizes=\"(max-width: 218px) 100vw, 218px\" \/>\t\t\t\t\t\t\t\t\t\t\t\t\t\t\t<\/div>\n\t\t\t\t<\/div>\n\t\t\t\t<\/div>\n\t\t\t\t<\/div>","protected":false},"excerpt":{"rendered":"<p>Matheus Arraes Atua\u00e7\u00e3o centrada em lit\u00edgios judiciais estrat\u00e9gicos, em diferentes \u00e1reas do direito p\u00fablico e privado. No direito privado, sua [&hellip;]<\/p>\n","protected":false},"author":1,"featured_media":0,"parent":0,"menu_order":0,"comment_status":"closed","ping_status":"closed","template":"","meta":{"site-sidebar-layout":"no-sidebar","site-content-layout":"","ast-site-content-layout":"full-width-container","site-content-style":"default","site-sidebar-style":"default","ast-global-header-display":"","ast-banner-title-visibility":"","ast-main-header-display":"","ast-hfb-above-header-display":"","ast-hfb-below-header-display":"","ast-hfb-mobile-header-display":"","site-post-title":"disabled","ast-breadcrumbs-content":"","ast-featured-img":"disabled","footer-sml-layout":"","theme-transparent-header-meta":"","adv-header-id-meta":"","stick-header-meta":"","header-above-stick-meta":"","header-main-stick-meta":"","header-below-stick-meta":"","astra-migrate-meta-layouts":"default","ast-page-background-enabled":"default","ast-page-background-meta":{"desktop":{"background-color":"var(--ast-global-color-4)","background-image":"","background-repeat":"repeat","background-position":"center center","background-size":"auto","background-attachment":"scroll","background-type":"","background-media":"","overlay-type":"","overlay-color":"","overlay-opacity":"","overlay-gradient":""},"tablet":{"background-color":"","background-image":"","background-repeat":"repeat","background-position":"center center","background-size":"auto","background-attachment":"scroll","background-type":"","background-media":"","overlay-type":"","overlay-color":"","overlay-opacity":"","overlay-gradient":""},"mobile":{"background-color":"","background-image":"","background-repeat":"repeat","background-position":"center center","background-size":"auto","background-attachment":"scroll","background-type":"","background-media":"","overlay-type":"","overlay-color":"","overlay-opacity":"","overlay-gradient":""}},"ast-content-background-meta":{"desktop":{"background-color":"var(--ast-global-color-5)","background-image":"","background-repeat":"repeat","background-position":"center center","background-size":"auto","background-attachment":"scroll","background-type":"","background-media":"","overlay-type":"","overlay-color":"","overlay-opacity":"","overlay-gradient":""},"tablet":{"background-color":"var(--ast-global-color-5)","background-image":"","background-repeat":"repeat","background-position":"center center","background-size":"auto","background-attachment":"scroll","background-type":"","background-media":"","overlay-type":"","overlay-color":"","overlay-opacity":"","overlay-gradient":""},"mobile":{"background-color":"var(--ast-global-color-5)","background-image":"","background-repeat":"repeat","background-position":"center center","background-size":"auto","background-attachment":"scroll","background-type":"","background-media":"","overlay-type":"","overlay-color":"","overlay-opacity":"","overlay-gradient":""}},"footnotes":""},"class_list":["post-624","page","type-page","status-publish","hentry"],"_links":{"self":[{"href":"https:\/\/guedestavares.com.br\/en\/wp-json\/wp\/v2\/pages\/624","targetHints":{"allow":["GET"]}}],"collection":[{"href":"https:\/\/guedestavares.com.br\/en\/wp-json\/wp\/v2\/pages"}],"about":[{"href":"https:\/\/guedestavares.com.br\/en\/wp-json\/wp\/v2\/types\/page"}],"author":[{"embeddable":true,"href":"https:\/\/guedestavares.com.br\/en\/wp-json\/wp\/v2\/users\/1"}],"replies":[{"embeddable":true,"href":"https:\/\/guedestavares.com.br\/en\/wp-json\/wp\/v2\/comments?post=624"}],"version-history":[{"count":16,"href":"https:\/\/guedestavares.com.br\/en\/wp-json\/wp\/v2\/pages\/624\/revisions"}],"predecessor-version":[{"id":1098,"href":"https:\/\/guedestavares.com.br\/en\/wp-json\/wp\/v2\/pages\/624\/revisions\/1098"}],"wp:attachment":[{"href":"https:\/\/guedestavares.com.br\/en\/wp-json\/wp\/v2\/media?parent=624"}],"curies":[{"name":"wp","href":"https:\/\/api.w.org\/{rel}","templated":true}]}}