{"id":612,"date":"2024-11-08T15:38:36","date_gmt":"2024-11-08T18:38:36","guid":{"rendered":"https:\/\/guedestavares.com.br\/?page_id=612"},"modified":"2025-01-29T14:19:28","modified_gmt":"2025-01-29T17:19:28","slug":"maria-beatriz-toledo","status":"publish","type":"page","link":"https:\/\/guedestavares.com.br\/en\/maria-beatriz-toledo\/","title":{"rendered":"Maria Beatriz Toledo"},"content":{"rendered":"<div data-elementor-type=\"wp-page\" data-elementor-id=\"612\" class=\"elementor elementor-612\">\n\t\t\t\t<div class=\"elementor-element elementor-element-30eab50 e-flex e-con-boxed e-con e-parent\" data-id=\"30eab50\" data-element_type=\"container\" data-e-type=\"container\">\n\t\t\t\t\t<div class=\"e-con-inner\">\n\t\t<div class=\"elementor-element elementor-element-6c524c1 e-con-full e-flex e-con e-child\" data-id=\"6c524c1\" data-element_type=\"container\" data-e-type=\"container\" id=\"demian\">\n\t\t\t\t<div class=\"elementor-element elementor-element-cb65f7d animated-slow elementor-invisible elementor-widget elementor-widget-heading\" data-id=\"cb65f7d\" data-element_type=\"widget\" data-e-type=\"widget\" data-settings=\"{&quot;_animation&quot;:&quot;slideInLeft&quot;}\" data-widget_type=\"heading.default\">\n\t\t\t\t<div class=\"elementor-widget-container\">\n\t\t\t\t\t<h3 class=\"elementor-heading-title elementor-size-default\">Maria Beatriz Toledo<\/h3>\t\t\t\t<\/div>\n\t\t\t\t<\/div>\n\t\t\t\t<div class=\"elementor-element elementor-element-52fe8d2 animated-slow elementor-invisible elementor-widget elementor-widget-text-editor\" data-id=\"52fe8d2\" data-element_type=\"widget\" data-e-type=\"widget\" data-settings=\"{&quot;_animation&quot;:&quot;slideInLeft&quot;}\" data-widget_type=\"text-editor.default\">\n\t\t\t\t<div class=\"elementor-widget-container\">\n\t\t\t\t\t\t\t\t\t<p>Maria Beatriz is a lawyer specializing in private law, with experience in research, litigation, arbitration, contracts, and corporate law. She has a strong background in complex civil and corporate law issues, focusing on contractual disputes and the structuring of estate and succession planning. Maria Beatriz is well-versed in drafting and reviewing contracts and supporting contentious activities involving various aspects of private law.<\/p><p><strong><em>Education<\/em><\/strong><\/p><p class=\"translation-block\">Master\u2019s degree in Civil Law from the University of S\u00e3o Paulo (2020) and currently pursuing a Ph.D. in Civil Law at the University of Coimbra, Portugal. She has published the books Capta\u00e7\u00e3o Dolosa da Vontade do Testador (2020) and Nulidades das Disposi\u00e7\u00f5es Testament\u00e1rias (2023).<\/p><p>mariabeatriz.toledo@guedestavares.com.br<\/p>\t\t\t\t\t\t\t\t<\/div>\n\t\t\t\t<\/div>\n\t\t\t\t<\/div>\n\t\t<div class=\"elementor-element elementor-element-dc6071e e-flex e-con-boxed e-con e-child\" data-id=\"dc6071e\" data-element_type=\"container\" data-e-type=\"container\">\n\t\t\t\t\t<div class=\"e-con-inner\">\n\t\t\t\t<div class=\"elementor-element elementor-element-9ab1ef1 elementor-widget elementor-widget-image\" data-id=\"9ab1ef1\" data-element_type=\"widget\" data-e-type=\"widget\" data-widget_type=\"image.default\">\n\t\t\t\t<div class=\"elementor-widget-container\">\n\t\t\t\t\t\t\t\t\t\t\t\t\t\t\t<img fetchpriority=\"high\" decoding=\"async\" width=\"750\" height=\"1160\" src=\"https:\/\/guedestavares.com.br\/wp-content\/uploads\/2024\/11\/maria_toledo-1.png\" class=\"attachment-full size-full wp-image-788\" alt=\"\" srcset=\"https:\/\/guedestavares.com.br\/wp-content\/uploads\/2024\/11\/maria_toledo-1.png 750w, https:\/\/guedestavares.com.br\/wp-content\/uploads\/2024\/11\/maria_toledo-1-194x300.png 194w, https:\/\/guedestavares.com.br\/wp-content\/uploads\/2024\/11\/maria_toledo-1-662x1024.png 662w\" sizes=\"(max-width: 750px) 100vw, 750px\" \/>\t\t\t\t\t\t\t\t\t\t\t\t\t\t\t<\/div>\n\t\t\t\t<\/div>\n\t\t\t\t\t<\/div>\n\t\t\t\t<\/div>\n\t\t\t\t\t<\/div>\n\t\t\t\t<\/div>\n\t\t<div class=\"elementor-element elementor-element-958aba9 e-con-full e-flex e-con e-parent\" data-id=\"958aba9\" data-element_type=\"container\" data-e-type=\"container\">\n\t\t\t\t<div class=\"elementor-element elementor-element-1a90cdf elementor-absolute elementor-hidden-tablet elementor-hidden-mobile elementor-widget elementor-widget-image\" data-id=\"1a90cdf\" data-element_type=\"widget\" data-e-type=\"widget\" data-settings=\"{&quot;_position&quot;:&quot;absolute&quot;}\" data-widget_type=\"image.default\">\n\t\t\t\t<div class=\"elementor-widget-container\">\n\t\t\t\t\t\t\t\t\t\t\t\t\t\t\t<img decoding=\"async\" width=\"164\" height=\"324\" src=\"https:\/\/guedestavares.com.br\/wp-content\/uploads\/2024\/11\/Ativo-3-2-e1730491010237.png\" class=\"attachment-large size-large wp-image-263\" alt=\"\" srcset=\"https:\/\/guedestavares.com.br\/wp-content\/uploads\/2024\/11\/Ativo-3-2-e1730491010237.png 164w, https:\/\/guedestavares.com.br\/wp-content\/uploads\/2024\/11\/Ativo-3-2-e1730491010237-152x300.png 152w\" sizes=\"(max-width: 164px) 100vw, 164px\" \/>\t\t\t\t\t\t\t\t\t\t\t\t\t\t\t<\/div>\n\t\t\t\t<\/div>\n\t\t\t\t<div class=\"elementor-element elementor-element-bb68716 elementor-absolute elementor-hidden-tablet elementor-hidden-mobile elementor-widget elementor-widget-image\" data-id=\"bb68716\" data-element_type=\"widget\" data-e-type=\"widget\" data-settings=\"{&quot;_position&quot;:&quot;absolute&quot;}\" data-widget_type=\"image.default\">\n\t\t\t\t<div class=\"elementor-widget-container\">\n\t\t\t\t\t\t\t\t\t\t\t\t\t\t\t<img decoding=\"async\" width=\"218\" height=\"325\" src=\"https:\/\/guedestavares.com.br\/wp-content\/uploads\/2024\/11\/Ativo-2-3-e1730732153713.png\" class=\"attachment-large size-large wp-image-321\" alt=\"\" srcset=\"https:\/\/guedestavares.com.br\/wp-content\/uploads\/2024\/11\/Ativo-2-3-e1730732153713.png 218w, https:\/\/guedestavares.com.br\/wp-content\/uploads\/2024\/11\/Ativo-2-3-e1730732153713-201x300.png 201w\" sizes=\"(max-width: 218px) 100vw, 218px\" \/>\t\t\t\t\t\t\t\t\t\t\t\t\t\t\t<\/div>\n\t\t\t\t<\/div>\n\t\t\t\t<\/div>\n\t\t\t\t<\/div>","protected":false},"excerpt":{"rendered":"<p>Maria Beatriz Toledo Advogada especializada em direito privado, atuou nas \u00e1reas de pesquisa, contencioso e arbitragem, contratos e societ\u00e1rio. Tem [&hellip;]<\/p>\n","protected":false},"author":1,"featured_media":0,"parent":0,"menu_order":0,"comment_status":"closed","ping_status":"closed","template":"","meta":{"site-sidebar-layout":"no-sidebar","site-content-layout":"","ast-site-content-layout":"full-width-container","site-content-style":"default","site-sidebar-style":"default","ast-global-header-display":"","ast-banner-title-visibility":"","ast-main-header-display":"","ast-hfb-above-header-display":"","ast-hfb-below-header-display":"","ast-hfb-mobile-header-display":"","site-post-title":"disabled","ast-breadcrumbs-content":"","ast-featured-img":"disabled","footer-sml-layout":"","theme-transparent-header-meta":"","adv-header-id-meta":"","stick-header-meta":"","header-above-stick-meta":"","header-main-stick-meta":"","header-below-stick-meta":"","astra-migrate-meta-layouts":"default","ast-page-background-enabled":"default","ast-page-background-meta":{"desktop":{"background-color":"var(--ast-global-color-4)","background-image":"","background-repeat":"repeat","background-position":"center center","background-size":"auto","background-attachment":"scroll","background-type":"","background-media":"","overlay-type":"","overlay-color":"","overlay-opacity":"","overlay-gradient":""},"tablet":{"background-color":"","background-image":"","background-repeat":"repeat","background-position":"center center","background-size":"auto","background-attachment":"scroll","background-type":"","background-media":"","overlay-type":"","overlay-color":"","overlay-opacity":"","overlay-gradient":""},"mobile":{"background-color":"","background-image":"","background-repeat":"repeat","background-position":"center center","background-size":"auto","background-attachment":"scroll","background-type":"","background-media":"","overlay-type":"","overlay-color":"","overlay-opacity":"","overlay-gradient":""}},"ast-content-background-meta":{"desktop":{"background-color":"var(--ast-global-color-5)","background-image":"","background-repeat":"repeat","background-position":"center center","background-size":"auto","background-attachment":"scroll","background-type":"","background-media":"","overlay-type":"","overlay-color":"","overlay-opacity":"","overlay-gradient":""},"tablet":{"background-color":"var(--ast-global-color-5)","background-image":"","background-repeat":"repeat","background-position":"center center","background-size":"auto","background-attachment":"scroll","background-type":"","background-media":"","overlay-type":"","overlay-color":"","overlay-opacity":"","overlay-gradient":""},"mobile":{"background-color":"var(--ast-global-color-5)","background-image":"","background-repeat":"repeat","background-position":"center center","background-size":"auto","background-attachment":"scroll","background-type":"","background-media":"","overlay-type":"","overlay-color":"","overlay-opacity":"","overlay-gradient":""}},"footnotes":""},"class_list":["post-612","page","type-page","status-publish","hentry"],"_links":{"self":[{"href":"https:\/\/guedestavares.com.br\/en\/wp-json\/wp\/v2\/pages\/612","targetHints":{"allow":["GET"]}}],"collection":[{"href":"https:\/\/guedestavares.com.br\/en\/wp-json\/wp\/v2\/pages"}],"about":[{"href":"https:\/\/guedestavares.com.br\/en\/wp-json\/wp\/v2\/types\/page"}],"author":[{"embeddable":true,"href":"https:\/\/guedestavares.com.br\/en\/wp-json\/wp\/v2\/users\/1"}],"replies":[{"embeddable":true,"href":"https:\/\/guedestavares.com.br\/en\/wp-json\/wp\/v2\/comments?post=612"}],"version-history":[{"count":13,"href":"https:\/\/guedestavares.com.br\/en\/wp-json\/wp\/v2\/pages\/612\/revisions"}],"predecessor-version":[{"id":922,"href":"https:\/\/guedestavares.com.br\/en\/wp-json\/wp\/v2\/pages\/612\/revisions\/922"}],"wp:attachment":[{"href":"https:\/\/guedestavares.com.br\/en\/wp-json\/wp\/v2\/media?parent=612"}],"curies":[{"name":"wp","href":"https:\/\/api.w.org\/{rel}","templated":true}]}}